{"id":15722,"date":"2018-10-29T11:05:36","date_gmt":"2018-10-29T11:05:36","guid":{"rendered":"http:\/\/www.bluebell.at\/?page_id=15722"},"modified":"2018-11-12T20:17:30","modified_gmt":"2018-11-12T20:17:30","slug":"about-us-2-2-2-2","status":"publish","type":"page","link":"https:\/\/www.bluebell.at\/?page_id=15722","title":{"rendered":"Australische Buschbl\u00fcten nach Ian White"},"content":{"rendered":"<div class=\"wpb-content-wrapper\"><p>[vc_row css_animation=&#8220;&#8220; row_type=&#8220;row&#8220; use_row_as_full_screen_section=&#8220;no&#8220; type=&#8220;grid&#8220; angled_section=&#8220;no&#8220; text_align=&#8220;left&#8220; background_image_as_pattern=&#8220;without_pattern&#8220; background_color=&#8220;#faf9f9&#8243; padding_top=&#8220;83&#8243; padding_bottom=&#8220;53&#8243;][vc_column][vc_column_text]<\/p>\n<h2 style=\"text-align: center;\">Buschbl\u00fctenessenzen bringen mehr Wohlbefinden<\/h2>\n<p>[\/vc_column_text][vc_separator type=&#8220;small&#8220; position=&#8220;center&#8220; up=&#8220;35&#8243; down=&#8220;35&#8243;][vc_column_text]Die Australischen Buschbl\u00fcten begleiten mich nun schon einigen Jahren \u2013 pers\u00f6nlich und auch bei meiner T\u00e4tigkeit &#8211; auf sehr sanfte, lichtvolle und liebevolle Weise. Noch immer erstaunt und begeistert mich die gro\u00dfartige Wirkung dieser einzigartigen Bl\u00fcten.<\/p>\n<p>Buschbl\u00fcten werden aus wild wachsenden Pflanzen Australiens hergestellt, denen schon aus alten, \u00fcberlieferten Traditionen der Urbev\u00f6lkerung wohltuende und energetische Wirkungen zugeschrieben werden.<\/p>\n<p>\u00c4hnlich der Bl\u00fctenessenzen von Dr. Bach wurde dieses alte Wissen von Ian White, einem angesehenen, australischen Naturheilkundigen und Kinesiologen, wiederentdeckt, verfeinert und in Vortr\u00e4gen und Seminaren weltweit vielen Menschen n\u00e4hergebracht.<\/p>\n<p>Heute sind seine Australischen Buschbl\u00fcten Essenzen auf der ganzen Welt bekannt und werden zunehmend in Krankenh\u00e4usern, Arztpraxen und von Heilpraktikern erfolgreich eingesetzt.[\/vc_column_text][vc_separator type=&#8220;small&#8220; position=&#8220;center&#8220; up=&#8220;35&#8243; down=&#8220;35&#8243;][vc_column_text]<\/p>\n<h3 style=\"text-align: left;\">die Wirkung<\/h3>\n<p>[\/vc_column_text][vc_separator type=&#8220;transparent&#8220; up=&#8220;15&#8243; down=&#8220;15&#8243;][vc_column_text]Buschbl\u00fctenessenzen bringen mehr Wohlbefinden in allen Lebensphasen und wirken schnell und effektiv sowohl balancierend auf Gem\u00fctszust\u00e4nde als auch unterst\u00fctzend bei k\u00f6rperlichen Beschwerden.<\/p>\n<p>Crowea beispielsweise st\u00e4rkt, beruhigt und zentriert K\u00f6rper und Gem\u00fct, f\u00f6rdert Wohlgef\u00fchl und Lebendigkeit. Sie unterst\u00fctzt uns, wenn wir uns nicht ganz wohl in unserer Haut f\u00fchlen, aus dem Gleichgewicht sind oder uns Sorgen und Kummer plagen.<br \/>\nAuf der K\u00f6rperebene unterst\u00fctzt Crowea bei Magenproblemen, bei Sportverletzungen und wirkt auch positiv auf Muskulatur und Sehnen.<\/p>\n<p>Die Buschbl\u00fctenessenzen k\u00f6nnen uns unterst\u00fctzen:<\/p>\n<ul>\n<li>als Begleitung bei der Behandlung akuter und chronischer Erkrankungen<\/li>\n<li>ein h\u00f6heres Niveau an Intuition, Selbstwertgef\u00fchl, Spiritualit\u00e4t, Kreativit\u00e4t und Freude am\u00a0Leben zu erreichen<\/li>\n<li>unsere Lebensweg zu erkennen und ihn auch zu verwirklichen<\/li>\n<li>negative Glaubenss\u00e4tze zu l\u00f6sen<\/li>\n<li>Sie \u00f6ffnen uns f\u00fcr Liebe, Freude, Mut und tiefes Vertrauen<\/li>\n<\/ul>\n<p>&nbsp;<\/p>\n<p>Die Australischen Buschbl\u00fcten Essenzen umfassen 69 verschiedene Bl\u00fcten und k\u00f6nnen bedenkenlos von Menschen aller Altersgruppen verwendet werden.[\/vc_column_text][vc_separator type=&#8220;small&#8220; position=&#8220;center&#8220; up=&#8220;35&#8243; down=&#8220;35&#8243;][vc_column_text]<\/p>\n<h3 style=\"text-align: left;\">Bl\u00fctenberatung<\/h3>\n<p>[\/vc_column_text][vc_separator type=&#8220;transparent&#8220; up=&#8220;15&#8243; down=&#8220;15&#8243;][vc_column_text]Jede Bl\u00fctenberatung beginnt mit einem Gespr\u00e4ch \u00fcber das anliegende Thema, die aktuelle Situation oder das blockierende Gef\u00fchl. Danach wird die ben\u00f6tigte Bl\u00fcte oder die ganz pers\u00f6nliche Bl\u00fctenmischung ausgew\u00e4hlt, ausgetestet und f\u00fcr Sie gemischt.<\/p>\n<p>Durch die Buschbl\u00fctenberatung k\u00f6nnen neue Erkenntnisse und neue Blickwinkel f\u00fcr das derzeitige Leben gewonnen werden. Das Thema wird klarer, auch der n\u00e4chste Schritt, der angesagt ist.<\/p>\n<p>Durch die Einnahme einer Buschbl\u00fctenessenz, k\u00f6nnen Sie Mut und Kraft bekommen, Ihren Weg nun klar und mit Leichtigkeit zu gehen.[\/vc_column_text][vc_separator type=&#8220;small&#8220; position=&#8220;center&#8220; up=&#8220;35&#8243; down=&#8220;35&#8243;][vc_column_text]<\/p>\n<h3 style=\"text-align: left;\">Erfahrungen aus meiner Praxis<\/h3>\n<p>[\/vc_column_text][vc_separator type=&#8220;transparent&#8220; up=&#8220;15&#8243; down=&#8220;15&#8243;][vc_column_text]<\/p>\n<h5>Hier ein kleiner Ausschnitt der Buschbl\u00fcten Wirkungsweise<\/h5>\n<p>&nbsp;<\/p>\n<ul>\n<li>Kinder schlafen wieder gut<\/li>\n<li>StudentInnen und Sch\u00fclerInnen sind konzentrierter &#8211;\u00a0haben mehr Freude am Lernen und Vortr\u00e4gen halten<\/li>\n<li>Partner\/Innen finden wieder Interesse aneinander und gehen liebevoller miteinander um<\/li>\n<li>K\u00fcnstler\/Innen gewinnen an Selbstvertrauen und werden kreativer<\/li>\n<li>ersch\u00f6pfte Menschen bekommen wieder Schwung und Lebensfreude<\/li>\n<li>ADHS Kinder werden ausgeglichener und konzentrierter Frauen in der Menopause erfahren eine erhebliche Linderung der Wechselbeschwerden uvm.<\/li>\n<\/ul>\n<p>[\/vc_column_text][vc_separator type=&#8220;small&#8220; position=&#8220;center&#8220; up=&#8220;35&#8243; down=&#8220;35&#8243;][vc_single_image image=&#8220;16299&#8243; img_size=&#8220;80&#215;80&#8243; alignment=&#8220;center&#8220; qode_css_animation=&#8220;element_from_bottom&#8220;][vc_empty_space][\/vc_column][\/vc_row]<\/p>\n<\/div>","protected":false},"excerpt":{"rendered":"<p>[vc_row css_animation=&#8220;&#8220; row_type=&#8220;row&#8220; use_row_as_full_screen_section=&#8220;no&#8220; type=&#8220;grid&#8220; angled_section=&#8220;no&#8220; text_align=&#8220;left&#8220; background_image_as_pattern=&#8220;without_pattern&#8220; background_color=&#8220;#faf9f9&#8243; padding_top=&#8220;83&#8243; padding_bottom=&#8220;53&#8243;][vc_column][vc_column_text] Buschbl\u00fctenessenzen bringen mehr Wohlbefinden [\/vc_column_text][vc_separator type=&#8220;small&#8220; position=&#8220;center&#8220; up=&#8220;35&#8243; down=&#8220;35&#8243;][vc_column_text]Die Australischen Buschbl\u00fcten begleiten mich nun schon einigen Jahren \u2013 pers\u00f6nlich und auch bei meiner T\u00e4tigkeit &#8211; auf sehr sanfte, lichtvolle und liebevolle Weise. Noch immer&#8230;<\/p>\n","protected":false},"author":1,"featured_media":0,"parent":0,"menu_order":0,"comment_status":"closed","ping_status":"closed","template":"full_width.php","meta":{"footnotes":""},"_links":{"self":[{"href":"https:\/\/www.bluebell.at\/index.php?rest_route=\/wp\/v2\/pages\/15722"}],"collection":[{"href":"https:\/\/www.bluebell.at\/index.php?rest_route=\/wp\/v2\/pages"}],"about":[{"href":"https:\/\/www.bluebell.at\/index.php?rest_route=\/wp\/v2\/types\/page"}],"author":[{"embeddable":true,"href":"https:\/\/www.bluebell.at\/index.php?rest_route=\/wp\/v2\/users\/1"}],"replies":[{"embeddable":true,"href":"https:\/\/www.bluebell.at\/index.php?rest_route=%2Fwp%2Fv2%2Fcomments&post=15722"}],"version-history":[{"count":16,"href":"https:\/\/www.bluebell.at\/index.php?rest_route=\/wp\/v2\/pages\/15722\/revisions"}],"predecessor-version":[{"id":16400,"href":"https:\/\/www.bluebell.at\/index.php?rest_route=\/wp\/v2\/pages\/15722\/revisions\/16400"}],"wp:attachment":[{"href":"https:\/\/www.bluebell.at\/index.php?rest_route=%2Fwp%2Fv2%2Fmedia&parent=15722"}],"curies":[{"name":"wp","href":"https:\/\/api.w.org\/{rel}","templated":true}]}}