{"id":15726,"date":"2018-10-29T14:28:29","date_gmt":"2018-10-29T14:28:29","guid":{"rendered":"http:\/\/www.bluebell.at\/?page_id=15726"},"modified":"2018-11-12T20:16:17","modified_gmt":"2018-11-12T20:16:17","slug":"about-us-2-2-2-4","status":"publish","type":"page","link":"https:\/\/www.bluebell.at\/?page_id=15726","title":{"rendered":"Australische Buschbl\u00fcten f\u00fcr Kinder &#038; Jugendliche"},"content":{"rendered":"<div class=\"wpb-content-wrapper\"><p>[vc_row css_animation=&#8220;&#8220; row_type=&#8220;row&#8220; use_row_as_full_screen_section=&#8220;no&#8220; type=&#8220;grid&#8220; angled_section=&#8220;no&#8220; text_align=&#8220;left&#8220; background_image_as_pattern=&#8220;without_pattern&#8220; background_color=&#8220;#faf9f9&#8243; padding_top=&#8220;83&#8243; padding_bottom=&#8220;53&#8243;][vc_column][vc_column_text]<\/p>\n<h2 style=\"text-align: center;\">Die Australischen Buschbl\u00fctenessenzen sind<\/h2>\n<h2 style=\"text-align: center;\">bei Kindern ebenso wirksam wie bei Erwachsenen.<\/h2>\n<p>[\/vc_column_text][vc_separator type=&#8220;small&#8220; position=&#8220;center&#8220; up=&#8220;35&#8243; down=&#8220;35&#8243;][vc_column_text]Bei Kindern wirken sie sogar noch schneller, da diese weniger Negativit\u00e4t und emotionale Beschr\u00e4nkungen entwickelt haben und noch mehr im Einklang mit sich selbst sind.<\/p>\n<p>&nbsp;<\/p>\n<p>Die Dosierungen sind wie bei einem Erwachsenen, doch die Wirkung zeigt sich oft schon binnen weniger Tage.<\/p>\n<p>&nbsp;<\/p>\n<p>Australische Buschbl\u00fcten sind f\u00fcr Kinder wunderbare Begleiter in \u201eschwierigen\u201c Zeiten \u2013 unterst\u00fctzen bei Sch\u00fcchternheit genauso wie bei Verbrennungen und helfen mit, wieder unbeschwert Kind sein zu k\u00f6nnen.<\/p>\n<p>&nbsp;<\/p>\n<h4>Australische Buschbl\u00fctenessenzen unterst\u00fctzen hervorragend bei:<\/h4>\n<p>&nbsp;<\/p>\n<ul>\n<li>Konzentrationsschwierigkeiten<\/li>\n<li>Lernproblemen<\/li>\n<li>\u00c4ngsten<\/li>\n<li>Unruhe<\/li>\n<li>Nervosit\u00e4t<\/li>\n<li>Emotionaler Stress<\/li>\n<li>Verschlossenheit<\/li>\n<li>Famili\u00e4ren Belastungen<\/li>\n<li>Schlafst\u00f6rungen<\/li>\n<li>Ver\u00e4nderungen (z.B. Schule, \u00dcbersiedeln, Trennung der Eltern, \u00dcbergang Kindergarten \u2013 Schule \u2013 Lehrstelle, j\u00fcngere Geschwister)<\/li>\n<li>Pubert\u00e4t<\/li>\n<li>Reisestress<\/li>\n<li>Vergiftungen<\/li>\n<li>Allergien<\/li>\n<li>Schockzust\u00e4nden<\/li>\n<li>K\u00f6rperlichen Symptomen<\/li>\n<\/ul>\n<p>&nbsp;<\/p>\n<p>Es gibt auch schon fertige, bew\u00e4hrte Bl\u00fctenmischungen f\u00fcr bestimmte Themen wie Selbstvertrauen, Pubert\u00e4t, Leichter Lernen, Freude &amp; Energie, etc.[\/vc_column_text][vc_separator type=&#8220;small&#8220; position=&#8220;center&#8220; up=&#8220;35&#8243; down=&#8220;35&#8243;][vc_single_image image=&#8220;15816&#8243; img_size=&#8220;large&#8220; alignment=&#8220;center&#8220; qode_css_animation=&#8220;element_from_bottom&#8220;][vc_single_image image=&#8220;16299&#8243; img_size=&#8220;80&#215;80&#8243; alignment=&#8220;center&#8220; qode_css_animation=&#8220;element_from_bottom&#8220;][vc_empty_space][\/vc_column][\/vc_row]<\/p>\n<\/div>","protected":false},"excerpt":{"rendered":"<p>[vc_row css_animation=&#8220;&#8220; row_type=&#8220;row&#8220; use_row_as_full_screen_section=&#8220;no&#8220; type=&#8220;grid&#8220; angled_section=&#8220;no&#8220; text_align=&#8220;left&#8220; background_image_as_pattern=&#8220;without_pattern&#8220; background_color=&#8220;#faf9f9&#8243; padding_top=&#8220;83&#8243; padding_bottom=&#8220;53&#8243;][vc_column][vc_column_text] Die Australischen Buschbl\u00fctenessenzen sind bei Kindern ebenso wirksam wie bei Erwachsenen. [\/vc_column_text][vc_separator type=&#8220;small&#8220; position=&#8220;center&#8220; up=&#8220;35&#8243; down=&#8220;35&#8243;][vc_column_text]Bei Kindern wirken sie sogar noch schneller, da diese weniger Negativit\u00e4t und emotionale Beschr\u00e4nkungen entwickelt haben und noch mehr&#8230;<\/p>\n","protected":false},"author":1,"featured_media":0,"parent":0,"menu_order":0,"comment_status":"closed","ping_status":"closed","template":"full_width.php","meta":{"footnotes":""},"_links":{"self":[{"href":"https:\/\/www.bluebell.at\/index.php?rest_route=\/wp\/v2\/pages\/15726"}],"collection":[{"href":"https:\/\/www.bluebell.at\/index.php?rest_route=\/wp\/v2\/pages"}],"about":[{"href":"https:\/\/www.bluebell.at\/index.php?rest_route=\/wp\/v2\/types\/page"}],"author":[{"embeddable":true,"href":"https:\/\/www.bluebell.at\/index.php?rest_route=\/wp\/v2\/users\/1"}],"replies":[{"embeddable":true,"href":"https:\/\/www.bluebell.at\/index.php?rest_route=%2Fwp%2Fv2%2Fcomments&post=15726"}],"version-history":[{"count":12,"href":"https:\/\/www.bluebell.at\/index.php?rest_route=\/wp\/v2\/pages\/15726\/revisions"}],"predecessor-version":[{"id":16562,"href":"https:\/\/www.bluebell.at\/index.php?rest_route=\/wp\/v2\/pages\/15726\/revisions\/16562"}],"wp:attachment":[{"href":"https:\/\/www.bluebell.at\/index.php?rest_route=%2Fwp%2Fv2%2Fmedia&parent=15726"}],"curies":[{"name":"wp","href":"https:\/\/api.w.org\/{rel}","templated":true}]}}