{"id":16311,"date":"2018-11-05T10:03:46","date_gmt":"2018-11-05T10:03:46","guid":{"rendered":"http:\/\/www.bluebell.at\/?page_id=16311"},"modified":"2020-02-10T15:48:01","modified_gmt":"2020-02-10T15:48:01","slug":"about-us-2-2-15","status":"publish","type":"page","link":"https:\/\/www.bluebell.at\/?page_id=16311","title":{"rendered":"Leistungen"},"content":{"rendered":"<div class=\"wpb-content-wrapper\"><p>[vc_row css_animation=&#8220;&#8220; row_type=&#8220;row&#8220; use_row_as_full_screen_section=&#8220;no&#8220; type=&#8220;grid&#8220; angled_section=&#8220;no&#8220; text_align=&#8220;left&#8220; background_image_as_pattern=&#8220;without_pattern&#8220; background_color=&#8220;#faf9f9&#8243; padding_top=&#8220;83&#8243; padding_bottom=&#8220;53&#8243;][vc_column][vc_column_text]<\/p>\n<h2 style=\"text-align: center;\">Meine Leistungen f\u00fcr Dich<\/h2>\n<p>[\/vc_column_text][vc_separator type=&#8220;small&#8220; position=&#8220;center&#8220; up=&#8220;35&#8243; down=&#8220;35&#8243;][vc_column_text]<\/p>\n<h3 style=\"text-align: left;\">Erwachsene<\/h3>\n<p>[\/vc_column_text][vc_separator type=&#8220;transparent&#8220; up=&#8220;0&#8243; down=&#8220;94&#8243;][qode_pricing_list][qode_pricing_list_item title=&#8220;Lichtkosmetik&#8220; text=&#8220;60 Minuten&#8220; price=&#8220;90,-&#8220; price_color=&#8220;#900dc4&#8243; price_font_size=&#8220;18&#8243;][qode_pricing_list_item title=&#8220;Bl\u00fctenberatung&#8220; text=&#8220;ca. 60 Minuten&#8220; price=&#8220;90,-&#8220; price_color=&#8220;#900dc4&#8243; price_font_size=&#8220;18&#8243;][qode_pricing_list_item text=&#8220;+ ausgetestete Essenz der Bl\u00fctenberatung&#8220; price=&#8220;16,-&#8220; price_color=&#8220;#900dc4&#8243; price_font_size=&#8220;18&#8243; text_font_size=&#8220;16&#8243;][qode_pricing_list_item title=&#8220;Cranial Works&#8220; text=&#8220;ca. 60 Minuten&#8220; price=&#8220;90,-&#8220; price_color=&#8220;#900dc4&#8243; price_font_size=&#8220;18&#8243;][qode_pricing_list_item title=&#8220;Access the Bars tm&#8220; text=&#8220;Einzelsitzung ca. 60 Minuten&#8220; price=&#8220;90,-&#8220; price_color=&#8220;#900dc4&#8243; price_font_size=&#8220;18&#8243;][qode_pricing_list_item text=&#8220;Einzelsitzung ca. 90 Minuten&#8220; price=&#8220;125,-&#8220; price_color=&#8220;#900dc4&#8243; price_font_size=&#8220;18&#8243;][qode_pricing_list_item text=&#8220;3er Block je ca. 60 Minuten&#8220; price=&#8220;250,-&#8220; price_color=&#8220;#900dc4&#8243; price_font_size=&#8220;18&#8243;][qode_pricing_list_item title=&#8220;Access Energetic Facelift&#8220; text=&#8220;Einzelsitzung ca. 60 Minuten&#8220; price=&#8220;90,-&#8220; price_color=&#8220;#900dc4&#8243; price_font_size=&#8220;18&#8243;][qode_pricing_list_item text=&#8220;3er Block je ca. 60 Minuten&#8220; price=&#8220;250,-&#8220; price_color=&#8220;#900dc4&#8243; price_font_size=&#8220;18&#8243;][qode_pricing_list_item title=&#8220;Access Energetic Face and Bodylift&#8220; text=&#8220;Einzelsitzung ca. 90 Minuten&#8220; price=&#8220;125,-&#8220; price_color=&#8220;#900dc4&#8243; price_font_size=&#8220;18&#8243;][qode_pricing_list_item text=&#8220;3er Block&#8220; price=&#8220;330,-&#8220; price_color=&#8220;#900dc4&#8243; price_font_size=&#8220;18&#8243;][qode_pricing_list_item title=&#8220;Numeroskop &amp; Lebensplananalyse&#8220; text=&#8220;Einzelsitzung ca. 60 Minuten inkl. Unterlagen&#8220; price=&#8220;120,-&#8220; price_color=&#8220;#900dc4&#8243; price_font_size=&#8220;18&#8243;][qode_pricing_list_item title=&#8220;Hausr\u00e4ucherungen&#8220; text=&#8220;Preis nach Vereinbarung \u2013 abh\u00e4ngig von Entfernung und Gr\u00f6\u00dfe der R\u00e4umlichkeiten&#8220; price_color=&#8220;#900dc4&#8243; price_font_size=&#8220;0&#8243;][\/qode_pricing_list][vc_separator type=&#8220;small&#8220; position=&#8220;center&#8220; up=&#8220;35&#8243; down=&#8220;35&#8243;][vc_column_text]<\/p>\n<h3 style=\"text-align: left;\">Kinder und Jugendliche<\/h3>\n<p>[\/vc_column_text][vc_separator type=&#8220;transparent&#8220; up=&#8220;0&#8243; down=&#8220;94&#8243;][qode_pricing_list][qode_pricing_list_item title=&#8220;Bl\u00fctenberatung Access the bars&#8220; text=&#8220;ca. 60 Minuten&#8220; price=&#8220;60,-&#8220; price_color=&#8220;#900dc4&#8243; price_font_size=&#8220;18&#8243;][qode_pricing_list_item text=&#8220;+ die ausgetestete Essenz der Bl\u00fctenberatung&#8220; price=&#8220;16,-&#8220; price_color=&#8220;#900dc4&#8243; price_font_size=&#8220;18&#8243;][\/qode_pricing_list][vc_separator type=&#8220;small&#8220; position=&#8220;center&#8220; up=&#8220;35&#8243; down=&#8220;35&#8243;][vc_column_text]<\/p>\n<h3 style=\"text-align: left;\">Nat\u00fcrlich biete ich f\u00fcr alle meine Leistungen auch Gutscheine an.<\/h3>\n<p>[\/vc_column_text][vc_separator type=&#8220;small&#8220; position=&#8220;center&#8220; up=&#8220;35&#8243; down=&#8220;35&#8243;]<blockquote class=' with_quote_icon' style=''><i class='fa fa-quote-right' style=''><\/i><h5 class='blockquote-text' style=''>Mit den H\u00e4nden h\u00f6ren und dem Herzen sprechen<\/h5><\/blockquote>[vc_column_text]Titelbild: Photo by <a href=\"http:\/\/www.graphartline.at\">Graph Art Line e.U.<\/a>[\/vc_column_text][vc_empty_space][vc_single_image image=&#8220;16299&#8243; img_size=&#8220;80&#215;80&#8243; alignment=&#8220;center&#8220; qode_css_animation=&#8220;element_from_bottom&#8220;][\/vc_column][\/vc_row][vc_row css_animation=&#8220;&#8220; row_type=&#8220;row&#8220; use_row_as_full_screen_section=&#8220;no&#8220; type=&#8220;full_width&#8220; angled_section=&#8220;no&#8220; text_align=&#8220;left&#8220; background_image_as_pattern=&#8220;without_pattern&#8220;][vc_column][\/vc_column][\/vc_row]<\/p>\n<\/div>","protected":false},"excerpt":{"rendered":"<p>[vc_row css_animation=&#8220;&#8220; row_type=&#8220;row&#8220; use_row_as_full_screen_section=&#8220;no&#8220; type=&#8220;grid&#8220; angled_section=&#8220;no&#8220; text_align=&#8220;left&#8220; background_image_as_pattern=&#8220;without_pattern&#8220; background_color=&#8220;#faf9f9&#8243; padding_top=&#8220;83&#8243; padding_bottom=&#8220;53&#8243;][vc_column][vc_column_text] Meine Leistungen f\u00fcr Dich [\/vc_column_text][vc_separator type=&#8220;small&#8220; position=&#8220;center&#8220; up=&#8220;35&#8243; down=&#8220;35&#8243;][vc_column_text] Erwachsene [\/vc_column_text][vc_separator type=&#8220;transparent&#8220; up=&#8220;0&#8243; down=&#8220;94&#8243;][qode_pricing_list][qode_pricing_list_item title=&#8220;Lichtkosmetik&#8220; text=&#8220;60 Minuten&#8220; price=&#8220;90,-&#8220; price_color=&#8220;#900dc4&#8243; price_font_size=&#8220;18&#8243;][qode_pricing_list_item title=&#8220;Bl\u00fctenberatung&#8220; text=&#8220;ca. 60 Minuten&#8220; price=&#8220;90,-&#8220; price_color=&#8220;#900dc4&#8243; price_font_size=&#8220;18&#8243;][qode_pricing_list_item text=&#8220;+ ausgetestete Essenz der Bl\u00fctenberatung&#8220; price=&#8220;16,-&#8220; price_color=&#8220;#900dc4&#8243;&#8230;<\/p>\n","protected":false},"author":1,"featured_media":0,"parent":0,"menu_order":0,"comment_status":"closed","ping_status":"closed","template":"full_width.php","meta":{"footnotes":""},"_links":{"self":[{"href":"https:\/\/www.bluebell.at\/index.php?rest_route=\/wp\/v2\/pages\/16311"}],"collection":[{"href":"https:\/\/www.bluebell.at\/index.php?rest_route=\/wp\/v2\/pages"}],"about":[{"href":"https:\/\/www.bluebell.at\/index.php?rest_route=\/wp\/v2\/types\/page"}],"author":[{"embeddable":true,"href":"https:\/\/www.bluebell.at\/index.php?rest_route=\/wp\/v2\/users\/1"}],"replies":[{"embeddable":true,"href":"https:\/\/www.bluebell.at\/index.php?rest_route=%2Fwp%2Fv2%2Fcomments&post=16311"}],"version-history":[{"count":20,"href":"https:\/\/www.bluebell.at\/index.php?rest_route=\/wp\/v2\/pages\/16311\/revisions"}],"predecessor-version":[{"id":17015,"href":"https:\/\/www.bluebell.at\/index.php?rest_route=\/wp\/v2\/pages\/16311\/revisions\/17015"}],"wp:attachment":[{"href":"https:\/\/www.bluebell.at\/index.php?rest_route=%2Fwp%2Fv2%2Fmedia&parent=16311"}],"curies":[{"name":"wp","href":"https:\/\/api.w.org\/{rel}","templated":true}]}}